{"id":3,"date":"2023-12-23T17:09:37","date_gmt":"2023-12-23T17:09:37","guid":{"rendered":"https:\/\/artinacafe.com\/?page_id=3"},"modified":"2025-11-18T00:06:48","modified_gmt":"2025-11-18T00:06:48","slug":"politicas-condiciones","status":"publish","type":"page","link":"https:\/\/artinacafe.com\/index.php\/politicas-condiciones\/","title":{"rendered":"Politicas y Condiciones"},"content":{"rendered":"\t\t<div data-elementor-type=\"wp-page\" data-elementor-id=\"3\" class=\"elementor elementor-3\">\n\t\t\t\t<div class=\"elementor-element elementor-element-1698016f e-flex e-con-boxed e-con e-parent\" data-id=\"1698016f\" data-element_type=\"container\" data-e-type=\"container\">\n\t\t\t\t\t<div class=\"e-con-inner\">\n\t\t\t\t<div class=\"elementor-element elementor-element-7f1d0698 elementor-widget elementor-widget-text-editor\" data-id=\"7f1d0698\" data-element_type=\"widget\" data-e-type=\"widget\" data-widget_type=\"text-editor.default\">\n\t\t\t\t<div class=\"elementor-widget-container\">\n\t\t\t\t\t\t\t\t\t<h2>ANTES DE RESERVAR LEA NUESTRAS POLITICAS<\/h2>\n<p><!-- \/wp:heading --><\/p>\n<p><!-- wp:paragraph --><\/p>\n<p>Nuestra experiencia tiene una duraci\u00f3n de 2 horas<\/p>\n<p>Tenemos una tolerancia de 15 minutos para que llegues a tu reserva y esta no sea cancelada.<\/p>\n<p>Por favor reserva para la cantidad total de personas que asistir\u00e1n a la reserva, abonar el monto correspondiente y subir el comprobante de pago para que la reserva quede confirmada.<\/p>\n<ul>\n<li>El costo de la reserva VILLA DEVOTO es de 5.000 por persona, los cuales ser\u00e1n descontados en tu factura al final de la experiencia. (toda persona desde los 2 a\u00f1os en adelante debe abonar los 5.000)<\/li>\n<li style=\"font-size: 17px;\">El costo de la reserva VILLA CRESPO Y PALERMO es de 4.000 por persona, los cuales ser\u00e1n descontados en tu factura al final de la experiencia. (toda persona desde los 2 a\u00f1os en adelante debe abonar los 4.000)<\/li>\n<\/ul>\n<p>Por favor tenga en cuenta que nuestros meseros le entregaran su factura de compra 10 minutos antes de terminar su experiencia, con el fin de agilizar el pago y la salida y darle el paso a la siguiente reserva sin mayores contratiempos.<\/p>\n<p>Por favor suba el comprobante de pago al sistema durante los 8 minutos posteriores a su reserva, de lo contrario esta se cancelar\u00e1 de manera autom\u00e1tica. Si usted asiste al local con el comprobante de pago pero en el sistema no figura la reserva deber\u00e1 re programar. La se\u00f1a no es transferible ni reembolsable. Si necesita ayuda contacte a soporte por WhatsApp.<\/p>\n<p>De viernes a domingo (feriados y fechas especiales) se admiten reservas m\u00e1ximo de 10 personas. Lunes a jueves si es mayor cantidad por favor escribir al WhatsApp para habilitar el l\u00edmite de cupos.<\/p>\n<ul>\n<li>El sistema le permitir\u00e1 re agendar su reserva una sola vez. Para re agendar es con 8h de anticipaci\u00f3n a su reserva.&nbsp;<\/li>\n<\/ul>\n<p>No se permite el ingreso de personas SIN RESERVA de viernes a domingo, d\u00edas feriados o temporada de vacaciones de invierno y verano.<\/p>\n<ul>\n<li>Tenga en cuenta que las piezas son decorativas (Set Artina, Bastidores, Almohadones, ToteBag, Espejos, Mate de Madera, Portavela y Vela)<\/li><li>Tenga en cuenta que las piezas apto consumo una vez las pinte, deber\u00e1 pasar en 15\/20 d\u00edas habiles por ellas.<\/li>\n<li>Si alguna de las personas incluidas en su reserva no asiste, lamentablemente la reserva de esa persona se perder\u00e1. Es decir, el costo de esa reserva no se descontar\u00e1 del total a menos que re programen la reserva y asistan todas las personas.<\/li>\n<\/ul>\n<p>Si tiene problemas con su reserva por favor contacte inmediatamente a soporte por WhatsApp.<\/p>\n<hr>\n<p><strong>AL REALIZAR SU RESERVA USTED EST\u00c1 ACEPTANDO CADA UNO DE LOS PUNTOS AQU\u00cd DESCRITOS Y EL NO HABERLOS LE\u00cdDOS NO LO EXIME DE LA RESPONSABILIDAD DE CUMPLIRLOS.<\/strong><\/p>\n<p><b>El pago que realizas al reservar tu lugar en Artina Caf\u00e9 garantiza tu cupo, pero no congela el precio del servicio. Ten en cuenta que, en caso de no asistir al turno agendado, no se realizar\u00e1 un reembolso, sin importar el motivo. Al completar tu reserva, confirmas que has le\u00eddo y aceptas nuestros t\u00e9rminos y condiciones sobre la pol\u00edtica de reservas y cancelaci\u00f3n de turnos.<\/b><\/p>\n<hr>\n<p><b>NO ACEPTAMOS TARJETAS DE CR\u00c9DITO<\/b><\/p><p><b>NO TENEMOS DESCUENTOS NI PROMOCIONES.<\/b><\/p>\n<p><!-- \/wp:paragraph --><\/p>\t\t\t\t\t\t\t\t<\/div>\n\t\t\t\t<\/div>\n\t\t\t\t\t<\/div>\n\t\t\t\t<\/div>\n\t\t\t\t<\/div>\n\t\t","protected":false},"excerpt":{"rendered":"<p>ANTES DE RESERVAR LEA NUESTRAS POLITICAS Nuestra experiencia tiene una duraci\u00f3n de 2 horas Tenemos una tolerancia de 15 minutos para que llegues a tu reserva y esta no sea cancelada. Por favor reserva para la cantidad total de personas que asistir\u00e1n a la reserva, abonar el monto correspondiente y subir el comprobante de pago [&hellip;]<\/p>\n","protected":false},"author":1,"featured_media":0,"parent":0,"menu_order":0,"comment_status":"closed","ping_status":"closed","template":"","meta":{"site-sidebar-layout":"default","site-content-layout":"","ast-site-content-layout":"default","site-content-style":"default","site-sidebar-style":"default","ast-global-header-display":"","ast-banner-title-visibility":"","ast-main-header-display":"","ast-hfb-above-header-display":"","ast-hfb-below-header-display":"","ast-hfb-mobile-header-display":"","site-post-title":"","ast-breadcrumbs-content":"","ast-featured-img":"","footer-sml-layout":"","ast-disable-related-posts":"","theme-transparent-header-meta":"","adv-header-id-meta":"","stick-header-meta":"","header-above-stick-meta":"","header-main-stick-meta":"","header-below-stick-meta":"","astra-migrate-meta-layouts":"set","ast-page-background-enabled":"default","ast-page-background-meta":{"desktop":{"background-color":"","background-image":"","background-repeat":"repeat","background-position":"center center","background-size":"auto","background-attachment":"scroll","background-type":"","background-media":"","overlay-type":"","overlay-color":"","overlay-opacity":"","overlay-gradient":""},"tablet":{"background-color":"","background-image":"","background-repeat":"repeat","background-position":"center center","background-size":"auto","background-attachment":"scroll","background-type":"","background-media":"","overlay-type":"","overlay-color":"","overlay-opacity":"","overlay-gradient":""},"mobile":{"background-color":"","background-image":"","background-repeat":"repeat","background-position":"center center","background-size":"auto","background-attachment":"scroll","background-type":"","background-media":"","overlay-type":"","overlay-color":"","overlay-opacity":"","overlay-gradient":""}},"ast-content-background-meta":{"desktop":{"background-color":"var(--ast-global-color-5)","background-image":"","background-repeat":"repeat","background-position":"center center","background-size":"auto","background-attachment":"scroll","background-type":"","background-media":"","overlay-type":"","overlay-color":"","overlay-opacity":"","overlay-gradient":""},"tablet":{"background-color":"var(--ast-global-color-5)","background-image":"","background-repeat":"repeat","background-position":"center center","background-size":"auto","background-attachment":"scroll","background-type":"","background-media":"","overlay-type":"","overlay-color":"","overlay-opacity":"","overlay-gradient":""},"mobile":{"background-color":"var(--ast-global-color-5)","background-image":"","background-repeat":"repeat","background-position":"center center","background-size":"auto","background-attachment":"scroll","background-type":"","background-media":"","overlay-type":"","overlay-color":"","overlay-opacity":"","overlay-gradient":""}},"footnotes":""},"class_list":["post-3","page","type-page","status-publish","hentry"],"_links":{"self":[{"href":"https:\/\/artinacafe.com\/index.php\/wp-json\/wp\/v2\/pages\/3","targetHints":{"allow":["GET"]}}],"collection":[{"href":"https:\/\/artinacafe.com\/index.php\/wp-json\/wp\/v2\/pages"}],"about":[{"href":"https:\/\/artinacafe.com\/index.php\/wp-json\/wp\/v2\/types\/page"}],"author":[{"embeddable":true,"href":"https:\/\/artinacafe.com\/index.php\/wp-json\/wp\/v2\/users\/1"}],"replies":[{"embeddable":true,"href":"https:\/\/artinacafe.com\/index.php\/wp-json\/wp\/v2\/comments?post=3"}],"version-history":[{"count":31,"href":"https:\/\/artinacafe.com\/index.php\/wp-json\/wp\/v2\/pages\/3\/revisions"}],"predecessor-version":[{"id":1355,"href":"https:\/\/artinacafe.com\/index.php\/wp-json\/wp\/v2\/pages\/3\/revisions\/1355"}],"wp:attachment":[{"href":"https:\/\/artinacafe.com\/index.php\/wp-json\/wp\/v2\/media?parent=3"}],"curies":[{"name":"wp","href":"https:\/\/api.w.org\/{rel}","templated":true}]}}